{"id":1523,"date":"2025-05-30T17:46:52","date_gmt":"2025-05-30T15:46:52","guid":{"rendered":"https:\/\/biurobres.pl\/?page_id=1523"},"modified":"2025-05-30T17:51:07","modified_gmt":"2025-05-30T15:51:07","slug":"zgoda-na-przetwarzanie-danych-osobowych","status":"publish","type":"page","link":"https:\/\/biurobres.pl\/index.php\/zgoda-na-przetwarzanie-danych-osobowych\/","title":{"rendered":"ZGODA NA PRZETWARZANIE DANYCH OSOBOWYCH"},"content":{"rendered":"\t\t<div data-elementor-type=\"wp-page\" data-elementor-id=\"1523\" class=\"elementor elementor-1523\">\n\t\t\t\t<div class=\"elementor-element elementor-element-486c334 e-flex e-con-boxed wpr-particle-no wpr-jarallax-no wpr-parallax-no wpr-sticky-section-no e-con e-parent\" data-id=\"486c334\" data-element_type=\"container\">\n\t\t\t\t\t<div class=\"e-con-inner\">\n\t\t\t\t<div class=\"elementor-element elementor-element-8154bb5 elementor-widget elementor-widget-heading\" data-id=\"8154bb5\" data-element_type=\"widget\" data-widget_type=\"heading.default\">\n\t\t\t\t<div class=\"elementor-widget-container\">\n\t\t\t\t\t<h1 class=\"elementor-heading-title elementor-size-default\">ZGODA NA PRZETWARZANIE DANYCH OSOBOWYCH<\/h1>\t\t\t\t<\/div>\n\t\t\t\t<\/div>\n\t\t\t\t<div class=\"elementor-element elementor-element-91203fd elementor-widget elementor-widget-text-editor\" data-id=\"91203fd\" data-element_type=\"widget\" data-widget_type=\"text-editor.default\">\n\t\t\t\t<div class=\"elementor-widget-container\">\n\t\t\t\t\t\t\t\t\t<p class=\"p1\"><b>O\u015bwiadczenie<\/b><\/p><p class=\"p2\"><b>w sprawie wyra\u017cenia zgody na przetwarzanie danych osobowych<\/b><\/p><p class=\"p2\"><b>w zwi\u0105zku z realizacj\u0105 us\u0142ug firmy BIURO RACHUNKOWE EWELINA SKWAREK,<\/b><\/p><p class=\"p2\"><b>prowadz\u0105ca Serwis internetowy <\/b><span class=\"s1\"><b>https:\/\/biurobres.pl<\/b><\/span><\/p><p class=\"p2\">Na podstawie art. 6 ust. 1 lit. f i art. 7 oraz art. 9 ust. 2 i 3 rozporz\u0105dzenia Parlamentu<\/p><p class=\"p2\">Europejskiego i Rady (UE) 2016\/679 z dnia 27 kwietnia 2016 r. w sprawie ochrony os\u00f3b<\/p><p class=\"p2\">fizycznych w zwi\u0105zku z przetwarzaniem danych osobowych i w sprawie swobodnego przep\u0142ywu<\/p><p class=\"p2\">takich danych oraz uchylenia dyrektywy 95\/46\/WE (og\u00f3lne rozporz\u0105dzenie o ochronie danych) Dz.<\/p><p class=\"p2\">Urz. UE L 119\/1, z 4.5.2016, zwanego dalej \u201eRODO\u201d, wyra\u017cam zgod\u0119 na przetwarzanie moich<\/p><p class=\"p2\">danych osobowych przekazanych Administratorowi danych Firmy BIURO RACHUNKOWE<\/p><p class=\"p2\">EWELINA SKWAREK, prowadz\u0105ca Serwis internetowy <span class=\"s1\">https:\/\/biurobres.pl <\/span>w zakresie:<\/p><p class=\"p2\"><span class=\"s2\">\u2981 <\/span>kontakt\u00f3w za po\u015brednictwem po\u0142\u0105cze\u0144 g\u0142osowych (rozmowy telefoniczne) w celach<\/p><p class=\"p2\">realizacji us\u0142ug oraz przedstawienia informacji handlowo-marketingowych,<\/p><p class=\"p2\"><span class=\"s2\">\u2981 <\/span>kontakt\u00f3w za po\u015brednictwem \u015brodk\u00f3w komunikacji elektronicznej w oparciu o zapis<\/p><p class=\"p2\">ustawy z dnia 18 lipca 2002r o \u015bwiadczeniu us\u0142ug drog\u0105 elektroniczn\u0105 (Dz. U. z<\/p><p class=\"p2\">2002r, Nr 144, poz. 1204 z p\u00f3\u017an. zm.), w celach przedstawienia informacji<\/p><p class=\"p2\">handlowo marketingowych oraz realizacji us\u0142ug,<\/p><p class=\"p2\"><span class=\"s2\">\u2981 <\/span>przetwarzania i zamieszczania mojego wizerunku utrwalonego podczas korzystania<\/p><p class=\"p2\">z us\u0142ug firmy BIURO RACHUNKOWE EWELINA SKWAREK, prowadz\u0105ca Serwis<\/p><p class=\"p2\">internetowy <span class=\"s1\">https:\/\/biurobres.pl<\/span>, w szczeg\u00f3lno\u015bci na wykonanie i przetwarzanie<\/p><p class=\"p2\">moich zdj\u0119\u0107 i nagra\u0144 wideo oraz ich udost\u0119pnianie w celach handlowych i<\/p><p class=\"p2\">marketingowych na stronie internetowej i innych portalach spo\u0142eczno\u015bciowych,<\/p><p class=\"p2\">ulotkach oraz innych materia\u0142ach reklamowych, w celach komercyjnych firmy<\/p><p class=\"p2\">BIURO RACHUNKOWE EWELINA SKWAREK, prowadz\u0105ca Serwis internetowy<\/p><p class=\"p2\"><span class=\"s1\">https:\/\/biurobres.pl <\/span>oraz innych jej projekt\u00f3w.<\/p><p class=\"p2\">4. Wycofanie zgody na wykorzystanie wizerunku ma skutek od daty anulowania zgody.<\/p><p class=\"p2\">Usuni\u0119cie wizerunku z materia\u0142\u00f3w komercyjnych i reklamowych firmy nara\u017ca\u0142oby j\u0105 na<\/p><p class=\"p2\">dodatkowe koszty zwi\u0105zane z tworzeniem nowych materia\u0142\u00f3w lub ich zmian\u0105 podczas<\/p><p class=\"p2\">kampanii reklamowych.<\/p><p class=\"p2\">O\u015bwiadczam, \u017ce jest mi wiadomym, i\u017c posiadam prawo do:<\/p><p class=\"p2\"><span class=\"s2\">\u2981 <\/span>\u017c\u0105dania od wskazanego w niniejszym o\u015bwiadczeniu administratora danych<\/p><p class=\"p2\">osobowych:<\/p><p class=\"p2\">a) dost\u0119pu do moich danych osobowych,<\/p><p class=\"p2\"><span class=\"s2\">\u2981 <\/span>sprostowania moich danych osobowych,<\/p><p class=\"p2\"><span class=\"s2\">\u2981 <\/span>usuni\u0119cia moich danych osobowych, je\u017celi zachodzi jedna z okoliczno\u015bci<\/p><p class=\"p2\">wskazanych w art. 17 ust. 1 RODO i je\u017celi przetwarzanie moich danych<\/p><p class=\"p2\">osobowych nie jest niezb\u0119dne w zakresie wskazanym w art. 17 ust. 3 RODO,<\/p><p class=\"p2\"><span class=\"s2\">\u2981 <\/span>ograniczenia przetwarzania moich danych osobowych w przypadkach<\/p><p class=\"p2\">wskazanych w art. 18 ust. 1 RODO,<span class=\"s2\">\u2981 <\/span>wniesienia do wskazanego w niniejszym o\u015bwiadczeniu administratora danych<\/p><p class=\"p2\">osobowych sprzeciwu wobec przetwarzania moich danych osobowych:<\/p><p class=\"p2\"><span class=\"s2\">\u2981 <\/span>na potrzeby marketingu bezpo\u015bredniego, w tym profilowania, w zakresie, w jakim<\/p><p class=\"p2\">przetwarzanie jest zwi\u0105zane z takim marketingiem bezpo\u015brednim,<\/p><p class=\"p2\"><span class=\"s2\">\u2981 <\/span>do cel\u00f3w bada\u0144 naukowych lub historycznych lub do cel\u00f3w statystycznych na<\/p><p class=\"p2\">mocy <span class=\"s3\">art. 89 ust. 1 <\/span>RODO, z przyczyn zwi\u0105zanych z moj\u0105 szczeg\u00f3ln\u0105<\/p><p class=\"p2\">sytuacj\u0105, chyba \u017ce przetwarzanie jest niezb\u0119dne do wykonania zadania<\/p><p class=\"p2\">realizowanego<\/p><p class=\"p2\">w interesie publicznym.<\/p><p class=\"p2\"><span class=\"s2\">\u2981 <\/span>przenoszenia moich danych osobowych,<\/p><p class=\"p2\"><span class=\"s2\">\u2981 <\/span>wniesienia skargi do organu nadzorczego, tj. do Prezesa Urz\u0119du Ochrony Danych<\/p><p class=\"p2\">Osobowych, w przypadku uznania, \u017ce przetwarzanie moich danych osobowych<\/p><p class=\"p2\">narusza przepisy RODO,<\/p><p class=\"p2\"><span class=\"s2\">\u2981 <\/span>wycofania w dowolnym momencie zgody na przetwarzanie moich danych<\/p><p class=\"p2\">osobowych.<\/p><p class=\"p2\">Ponadto o\u015bwiadczam ,\u017ce:<\/p><p class=\"p2\">a) zosta\u0142em\/am poinformowany\/a, i\u017c powy\u017csza zgoda jest dobrowolna i mo\u017ce by\u0107 w<\/p><p class=\"p2\">ka\u017cdym momencie odwo\u0142ana poprzez o\u015bwiadczenie pisemne z\u0142o\u017cone w siedzibie<\/p><p class=\"p2\">Administratora danych osobowych firmy BIURO RACHUNKOWE EWELINA SKWAREK,<\/p><p class=\"p2\">prowadz\u0105ca Serwis internetowy <span class=\"s1\">https:\/\/biurobres.pl <\/span>lub elektronicznie na adres e-mail:<\/p><p class=\"p3\">kontakt@biurobres.pl<\/p><p class=\"p2\">b) zosta\u0142em\/am poinformowany\/a, i\u017c szczeg\u00f3\u0142owe informacje dotycz\u0105ce przetwarzania<\/p><p class=\"p2\">moich danych osobowych znajduj\u0105 si\u0119 w polityce prywatno\u015bci.<\/p><p class=\"p2\">Zapozna\u0142am\/em si\u0119 z informacjami dotycz\u0105cymi przetwarzania moich danych osobowych zgodnie<\/p><p class=\"p2\">z art. 13 i 14 rozporz\u0105dzenia Parlamentu Europejskiego i Rady (UE) 2016\/679 z dnia 27 kwietnia<\/p><p class=\"p2\">2016 r. w sprawie ochrony os\u00f3b fizycznych w zwi\u0105zku z przetwarzaniem danych osobowych i w<\/p><p class=\"p2\">sprawie swobodnego przep\u0142ywu takich danych oraz uchylenia dyrektywy 95\/46\/WE (dalej: RODO),<\/p><p class=\"p2\">zamieszczonymi w polityce prywatno\u015bci.<\/p>\t\t\t\t\t\t\t\t<\/div>\n\t\t\t\t<\/div>\n\t\t\t\t\t<\/div>\n\t\t\t\t<\/div>\n\t\t\t\t<\/div>\n\t\t","protected":false},"excerpt":{"rendered":"<p>ZGODA NA PRZETWARZANIE DANYCH OSOBOWYCH O\u015bwiadczenie w sprawie wyra\u017cenia zgody na przetwarzanie danych osobowych w zwi\u0105zku z realizacj\u0105 us\u0142ug firmy BIURO RACHUNKOWE EWELINA SKWAREK, prowadz\u0105ca Serwis internetowy https:\/\/biurobres.pl Na podstawie art. 6 ust. 1 lit. f i art. 7 oraz art. 9 ust. 2 i 3 rozporz\u0105dzenia Parlamentu Europejskiego i Rady (UE) 2016\/679 z dnia 27 kwietnia 2016 r. w sprawie ochrony os\u00f3b fizycznych w zwi\u0105zku z przetwarzaniem danych osobowych i w sprawie swobodnego przep\u0142ywu takich danych oraz uchylenia dyrektywy 95\/46\/WE (og\u00f3lne rozporz\u0105dzenie o ochronie danych) Dz. Urz. UE L 119\/1, z 4.5.2016, zwanego dalej \u201eRODO\u201d, wyra\u017cam zgod\u0119 na przetwarzanie moich danych osobowych przekazanych Administratorowi danych Firmy BIURO RACHUNKOWE EWELINA SKWAREK, prowadz\u0105ca Serwis internetowy https:\/\/biurobres.pl w zakresie: \u2981 kontakt\u00f3w za po\u015brednictwem po\u0142\u0105cze\u0144 g\u0142osowych (rozmowy telefoniczne) w celach realizacji us\u0142ug oraz przedstawienia informacji handlowo-marketingowych, \u2981 kontakt\u00f3w za po\u015brednictwem \u015brodk\u00f3w komunikacji elektronicznej w oparciu o zapis ustawy z dnia 18 lipca 2002r o \u015bwiadczeniu us\u0142ug drog\u0105 elektroniczn\u0105 (Dz. U. z 2002r, Nr 144, poz. 1204 z p\u00f3\u017an. zm.), w celach przedstawienia informacji handlowo marketingowych oraz realizacji us\u0142ug, \u2981 przetwarzania i zamieszczania mojego wizerunku utrwalonego podczas korzystania z us\u0142ug firmy BIURO RACHUNKOWE EWELINA SKWAREK, prowadz\u0105ca Serwis internetowy https:\/\/biurobres.pl, w szczeg\u00f3lno\u015bci na wykonanie i przetwarzanie moich zdj\u0119\u0107 i nagra\u0144 wideo oraz ich udost\u0119pnianie w celach handlowych i marketingowych na stronie internetowej i innych portalach spo\u0142eczno\u015bciowych, ulotkach oraz innych materia\u0142ach reklamowych, w celach komercyjnych firmy BIURO RACHUNKOWE EWELINA SKWAREK, prowadz\u0105ca Serwis internetowy https:\/\/biurobres.pl oraz innych jej projekt\u00f3w. 4. Wycofanie zgody na wykorzystanie wizerunku ma skutek od daty anulowania zgody. Usuni\u0119cie wizerunku z materia\u0142\u00f3w komercyjnych i reklamowych firmy nara\u017ca\u0142oby j\u0105 na dodatkowe koszty zwi\u0105zane z tworzeniem nowych materia\u0142\u00f3w lub ich zmian\u0105 podczas kampanii reklamowych. O\u015bwiadczam, \u017ce jest mi wiadomym, i\u017c posiadam prawo do: \u2981 \u017c\u0105dania od wskazanego w niniejszym o\u015bwiadczeniu administratora danych osobowych: a) dost\u0119pu do moich danych osobowych, \u2981 sprostowania moich danych osobowych, \u2981 usuni\u0119cia moich danych osobowych, je\u017celi zachodzi jedna z okoliczno\u015bci wskazanych w art. 17 ust. 1 RODO i je\u017celi przetwarzanie moich danych osobowych nie jest niezb\u0119dne w zakresie wskazanym w art. 17 ust. 3 RODO, \u2981 ograniczenia przetwarzania moich danych osobowych w przypadkach wskazanych w art. 18 ust. 1 RODO,\u2981 wniesienia do wskazanego w niniejszym o\u015bwiadczeniu administratora danych osobowych sprzeciwu wobec przetwarzania moich danych osobowych: \u2981 na potrzeby marketingu bezpo\u015bredniego, w tym profilowania, w zakresie, w jakim przetwarzanie jest zwi\u0105zane z takim marketingiem bezpo\u015brednim, \u2981 do cel\u00f3w bada\u0144 naukowych lub historycznych lub do cel\u00f3w statystycznych na mocy art. 89 ust. 1 RODO, z przyczyn zwi\u0105zanych z moj\u0105 szczeg\u00f3ln\u0105 sytuacj\u0105, chyba \u017ce przetwarzanie jest niezb\u0119dne do wykonania zadania realizowanego w interesie publicznym. \u2981 przenoszenia moich danych osobowych, \u2981 wniesienia skargi do organu nadzorczego, tj. do Prezesa Urz\u0119du Ochrony Danych Osobowych, w przypadku uznania, \u017ce przetwarzanie moich danych osobowych narusza przepisy RODO, \u2981 wycofania w dowolnym momencie zgody na przetwarzanie moich danych osobowych. Ponadto o\u015bwiadczam ,\u017ce: a) zosta\u0142em\/am poinformowany\/a, i\u017c powy\u017csza zgoda jest dobrowolna i mo\u017ce by\u0107 w ka\u017cdym momencie odwo\u0142ana poprzez o\u015bwiadczenie pisemne z\u0142o\u017cone w siedzibie Administratora danych osobowych firmy BIURO RACHUNKOWE EWELINA SKWAREK, prowadz\u0105ca Serwis internetowy https:\/\/biurobres.pl lub elektronicznie na adres e-mail: kontakt@biurobres.pl b) zosta\u0142em\/am poinformowany\/a, i\u017c szczeg\u00f3\u0142owe informacje dotycz\u0105ce przetwarzania moich danych osobowych znajduj\u0105 si\u0119 w polityce prywatno\u015bci. Zapozna\u0142am\/em si\u0119 z informacjami dotycz\u0105cymi przetwarzania moich danych osobowych zgodnie z art. 13 i 14 rozporz\u0105dzenia Parlamentu Europejskiego i Rady (UE) 2016\/679 z dnia 27 kwietnia 2016 r. w sprawie ochrony os\u00f3b fizycznych w zwi\u0105zku z przetwarzaniem danych osobowych i w sprawie swobodnego przep\u0142ywu takich danych oraz uchylenia dyrektywy 95\/46\/WE (dalej: RODO), zamieszczonymi w polityce prywatno\u015bci.<\/p>\n","protected":false},"author":1,"featured_media":0,"parent":0,"menu_order":0,"comment_status":"closed","ping_status":"closed","template":"elementor_canvas","meta":{"footnotes":""},"class_list":["post-1523","page","type-page","status-publish","hentry"],"_links":{"self":[{"href":"https:\/\/biurobres.pl\/index.php\/wp-json\/wp\/v2\/pages\/1523","targetHints":{"allow":["GET"]}}],"collection":[{"href":"https:\/\/biurobres.pl\/index.php\/wp-json\/wp\/v2\/pages"}],"about":[{"href":"https:\/\/biurobres.pl\/index.php\/wp-json\/wp\/v2\/types\/page"}],"author":[{"embeddable":true,"href":"https:\/\/biurobres.pl\/index.php\/wp-json\/wp\/v2\/users\/1"}],"replies":[{"embeddable":true,"href":"https:\/\/biurobres.pl\/index.php\/wp-json\/wp\/v2\/comments?post=1523"}],"version-history":[{"count":4,"href":"https:\/\/biurobres.pl\/index.php\/wp-json\/wp\/v2\/pages\/1523\/revisions"}],"predecessor-version":[{"id":1528,"href":"https:\/\/biurobres.pl\/index.php\/wp-json\/wp\/v2\/pages\/1523\/revisions\/1528"}],"wp:attachment":[{"href":"https:\/\/biurobres.pl\/index.php\/wp-json\/wp\/v2\/media?parent=1523"}],"curies":[{"name":"wp","href":"https:\/\/api.w.org\/{rel}","templated":true}]}}